{"id":2228,"date":"2024-01-31T14:40:31","date_gmt":"2024-01-31T13:40:31","guid":{"rendered":"https:\/\/mvz-kinderwunsch.com\/?page_id=2228"},"modified":"2025-02-20T11:35:30","modified_gmt":"2025-02-20T10:35:30","slug":"imprint","status":"publish","type":"page","link":"https:\/\/mvz-kinderwunsch.com\/en\/imprint\/","title":{"rendered":"Imprint"},"content":{"rendered":"[vc_row type=&#8221;in_container&#8221; full_screen_row_position=&#8221;middle&#8221; column_margin=&#8221;default&#8221; column_direction=&#8221;default&#8221; column_direction_tablet=&#8221;default&#8221; column_direction_phone=&#8221;default&#8221; scene_position=&#8221;center&#8221; text_color=&#8221;dark&#8221; text_align=&#8221;left&#8221; row_border_radius=&#8221;none&#8221; row_border_radius_applies=&#8221;bg&#8221; overflow=&#8221;visible&#8221; overlay_strength=&#8221;0.3&#8243; gradient_direction=&#8221;left_to_right&#8221; shape_divider_position=&#8221;bottom&#8221; bg_image_animation=&#8221;none&#8221;][vc_column column_padding=&#8221;no-extra-padding&#8221; column_padding_tablet=&#8221;inherit&#8221; column_padding_phone=&#8221;inherit&#8221; column_padding_position=&#8221;all&#8221; column_element_direction_desktop=&#8221;default&#8221; column_element_spacing=&#8221;default&#8221; desktop_text_alignment=&#8221;default&#8221; tablet_text_alignment=&#8221;default&#8221; phone_text_alignment=&#8221;default&#8221; background_color_opacity=&#8221;1&#8243; background_hover_color_opacity=&#8221;1&#8243; column_backdrop_filter=&#8221;none&#8221; column_shadow=&#8221;none&#8221; column_border_radius=&#8221;none&#8221; column_link_target=&#8221;_self&#8221; column_position=&#8221;default&#8221; gradient_direction=&#8221;left_to_right&#8221; overlay_strength=&#8221;0.3&#8243; width=&#8221;1\/1&#8243; tablet_width_inherit=&#8221;default&#8221; animation_type=&#8221;default&#8221; bg_image_animation=&#8221;none&#8221; border_type=&#8221;simple&#8221; column_border_width=&#8221;none&#8221; column_border_style=&#8221;solid&#8221;][vc_column_text]\n<div class=\"Layout__Container-sc-igk710-0 bqnci\">\n<h1>Impressum<\/h1>\n<p>&nbsp;<\/p>\n<p class=\"m_-8857076066462712170MsoListParagraph\">Unsere Gesellschaften sind Eigentum der Kinderwunsch Germany GmbH.<u><\/u><u><\/u><\/p>\n<p>_____<\/p>\n<\/div>\n<div class=\"Layout__Container-sc-igk710-0 bqnci\"><\/div>\n<p><strong>Kinderwunsch Germany GmbH<\/strong><\/p>\n<p>Kronenstra\u00dfe 55-58<br \/>\n10117 Berlin<\/p>\n<p>Telefon:\u00a0<a href=\"tel:+4930403613550\">+49 30 403 61 3550<\/a><\/p>\n<p>E-Mail:\u00a0<a href=\"mailto:DE@mvz-kinderwunsch.com\">DE@mvz-kinderwunsch.com<\/a><br \/>\n<a href=\"https:\/\/mvz-kinderwunsch.com\/\">www.mvz-kinderwunsch.com<\/a><\/p>\n<p>USt.-ID gem\u00e4\u00df \u00a7 27 a Umsatzsteuergesetz: DE275249456<br \/>\nEingetragen im Handelsregister, Amtsgericht Darmstadt, Handelsregister Abteilung B, HRB 91398<\/p>\n<p>Gesch\u00e4ftsf\u00fchrer: Kathleen Hahne-Schr\u00f6der, Peter Menk<\/p>\n<p>&nbsp;<\/p>\n<p>Ihr Kontakt f\u00fcr Datenschutz:\u00a0Marion Meyer, Externe Datenschutzbeauftragte<\/p>\n<p><a href=\"mailto:info@qmedicus.de\">info[a]qmedicus.de<\/a><\/p>\n<p>Verantwortlich f\u00fcr den redaktionellen Inhalt: Kathleen Hahne-Schr\u00f6der<\/p>\n<p>Auf dieser Internetseite stellen wir Ihnen die Zentren der Gruppe vor und verlinken diese zugleich.<\/p>\n<p>_____<\/p>\n<p><strong>MVZ Kinderwunsch am Gendarmenmarkt GmbH<\/strong><\/p>\n<p>Kronenstra\u00dfe 55-58<br \/>\n10117 Berlin<\/p>\n<p>Telefon:\u00a0<a href=\"tel:+49%2030%2020%2062%2067%2020\">+49 30 20 62 67 20<\/a><br \/>\nTelefax:\u00a0<a href=\"tel:+49%2030%202062%20672%2018\">+49 30 2062 672 18<\/a><\/p>\n<p>E-Mail: <a href=\"mailto:berlin@mvz-kinderwunsch.com\">berlin@mvz-kinderwunsch.com<\/a><\/p>\n<p>Gesch\u00e4ftsf\u00fchrung: Kathleen Hahne-Schr\u00f6der<\/p>\n<p>&nbsp;<\/p>\n<p>\u00c4rztliche Mitarbeiter der MVZ Kinderwunsch am Gendarmenmarkt GmbH f\u00fchren die Berufsbezeichnung Arzt, verliehen durch Approbation in der Bundesrepublik Deutschland, und geh\u00f6ren der \u00c4rztekammer Berlin sowie der Kassen\u00e4rztlichen Vereinigung Berlin an.<\/p>\n<p>&nbsp;<\/p>\n<p>Die berufsrechtlichen Regelungen f\u00fcr Berlin finden Sie hier:<\/p>\n<p><a href=\"https:\/\/www.aerztekammer-berlin.de\/\">www.aerztekammer-berlin.de<\/a><\/p>\n<p>&nbsp;<\/p>\n<p>Unsere \u00c4rzte und das Team der MVZ Kinderwunsch am Gendarmenmarkt GmbH finden Sie\u00a0<a href=\"https:\/\/mvz-kinderwunsch.com\/kinderwunschzentren\/berlin\/#team\">hier<\/a>.<\/p>\n<p>&nbsp;<\/p>\n<p>Ihr Kontakt f\u00fcr Datenschutz:\u00a0Marion Meyer, Externe Datenschutzbeauftragte<\/p>\n<p><a href=\"mailto:info@qmedicus.de\">info[a]qmedicus.de<\/a><\/p>\n<p>&nbsp;<\/p>\n<p>Ihr Kontakt f\u00fcr Medizinproduktesicherheit:<\/p>\n<p><a href=\"mailto:medizinproduktesicherheit.berlin@mvz-kinderwunsch.com\">medizinproduktesicherheit.berlin@mvz-kinderwunsch.com<\/a><\/p>\n<p>Zust\u00e4ndige Kammer:\u00a0 \u00c4rztekammer Berlin<\/p>\n<p>Friedrichstra\u00dfe 16<br \/>\n10969 Berlin<\/p>\n<p>Telefon:\u00a0<a href=\"tel:+49%2030%20408060\">+49 30 40806-0<\/a><br \/>\nTelefax:\u00a0<a href=\"tel:+49%2030%20408063499\">+49 30 40806-3499<\/a><\/p>\n<p>Internet:\u00a0<a href=\"https:\/\/www.aerztekammer-berlin.de\/\">www.aerztekammer-berlin.de<\/a><\/p>\n<p>&nbsp;<\/p>\n<p>Zust\u00e4ndige Aufsichtsbeh\u00f6rden:<\/p>\n<p>Die MVZ Kinderwunsch am Gendarmenmarkt GmbH ist vom zust\u00e4ndigen Zulassungsausschuss der Kassen\u00e4rztlichen Vereinigung Berlin genehmigt und zugelassen worden.<\/p>\n<p>&nbsp;<\/p>\n<p>Kassen\u00e4rztliche Vereinigung Berlin<\/p>\n<p>Masurenallee 6 A<br \/>\n14057 Berlin<\/p>\n<p>Telefon:\u00a0<a href=\"tel:+49%2030%20310030\">+49 30 31003-0<\/a><br \/>\nTelefax:\u00a0<a href=\"tel:+49%2030%2031003380\">+49 30 31003-380<\/a><\/p>\n<p>Internet:\u00a0<a href=\"https:\/\/www.kvberlin.de\/\">www.kvberlin.de<\/a><\/p>\n<p>&nbsp;<\/p>\n<p>Der Bereich Reproduktionsmedizin (Kinderwunschbehandlung) der MVZ Kinderwunsch am Gendarmenmarkt GmbH ist von der Senatsverwaltung f\u00fcr Gesundheit und Pflege und Gleichstellung in Berlin genehmigt und zugelassen worden.<\/p>\n<p>&nbsp;<\/p>\n<p>Senatsverwaltung f\u00fcr Gesundheit und Pflege und Gleichstellung<\/p>\n<p>Oranienstra\u00dfe 106<br \/>\n10969 Berlin<\/p>\n<p>Telefon:\u00a0<a href=\"tel:+49%2030%2090280\">+49 30 9028-0<\/a><br \/>\nTelefax:\u00a0<a href=\"tel:+49%2030%2090283102\">+49 30 9028-3102<\/a><\/p>\n<p>Internet:\u00a0<a href=\"https:\/\/www.berlin.de\/sen\/gpg\">www.berlin.de\/sen\/gpg<\/a><\/p>\n<p>&nbsp;<\/p>\n<p>Die MVZ Kinderwunsch am Gendarmenmarkt GmbH ist Erlaubnisinhaber gem\u00e4\u00df \u00a720b\/c des Arzneimittelgesetzes und durch das Landesamt f\u00fcr Gesundheit und Soziales zugelassen.<\/p>\n<p>&nbsp;<\/p>\n<p>Landesamt f\u00fcr Gesundheit und Soziales<\/p>\n<p>Turmstra\u00dfe 21<br \/>\n10559 Berlin<\/p>\n<p>Telefon:\u00a0<a href=\"tel:+49%2030%20902290\">+49 30 90229-0<\/a><br \/>\nTelefax:\u00a0<a href=\"tel:+49%2030%20902291099\">+49 30 90229-1099<\/a><\/p>\n<p>Internet:\u00a0<a href=\"https:\/\/www.berlin.de\/lageso\">www.berlin.de\/lageso<\/a><\/p>\n<p>_____<\/p>\n<p>&nbsp;<\/p>\n<p><strong>MVZ Kinderwunsch am Seestern GmbH<\/strong><\/p>\n<p>Niederkasseler Lohweg 181-183<br \/>\n40547 D\u00fcsseldorf<\/p>\n<p>Telefon:\u00a0<a href=\"tel:+49%20211%2090%2019%2070\">+49 211 90 19 70<\/a><br \/>\nTelefax:\u00a0<a href=\"tel:+49%20211%20901%2097%2050\">+49 211 901 97 50<\/a><\/p>\n<p>E-Mail:\u00a0<a href=\"mailto:seestern@mvz-kinderwunsch.com\">seestern@mvz-kinderwunsch.com<\/a><\/p>\n<p>&nbsp;<\/p>\n<p><strong>Teilbereich Labordiagnostik am Seestern<\/strong><\/p>\n<p>Niederkasseler Lohweg 181-183<br \/>\n40547 D\u00fcsseldorf<\/p>\n<p>Telefon:\u00a0<a href=\"tel:+%2049%20211%2073776699\">+ 49 211 73776699<\/a><br \/>\nTelefax:\u00a0<a href=\"tel:+%2049%20211%2073776696\">+ 49 211 73776696<\/a><\/p>\n<p>E-Mail:\u00a0<a href=\"mailto:info@labordiagnostik-seestern.com\">info@labordiagnostik-seestern.com<\/a><\/p>\n<p>&nbsp;<\/p>\n<p>USt.-ID gem\u00e4\u00df \u00a7 27 a Umsatzsteuergesetz: DE279283751<br \/>\nEingetragen im Handelsregister, Amtsgericht D\u00fcsseldorf, Handelsregister Abteilung B, HRB 66158<\/p>\n<p>&nbsp;<\/p>\n<p>Gesch\u00e4ftsf\u00fchrung:\u00a0Susanne Ehnert,\u00a0Kathleen Hahne-Schr\u00f6der<\/p>\n<p>\u00c4rztliche Mitarbeiter der MVZ Kinderwunsch am Seestern GmbH f\u00fchren die Berufsbezeichnung Arzt, verliehen durch Approbation in der Bundesrepublik Deutschland, und geh\u00f6ren der \u00c4rztekammer Nordrhein sowie der Kassen\u00e4rztlichen Vereinigung D\u00fcsseldorf an.<\/p>\n<p>&nbsp;<\/p>\n<p>Die berufsrechtlichen Regelungen f\u00fcr Nordrhein-Westfalen finden Sie hier:<\/p>\n<p><a href=\"https:\/\/www.aekno.de\/\">https:\/\/www.aekno.de\/<\/a><\/p>\n<p>&nbsp;<\/p>\n<p>Unsere \u00c4rzte und das Team der MVZ Kinderwunsch am Seestern GmbH finden Sie\u00a0<a href=\"https:\/\/mvz-kinderwunsch.com\/kinderwunschzentren\/duesseldorf\/#team\">hier<\/a>.<\/p>\n<p>&nbsp;<\/p>\n<p>Ihr Kontakt f\u00fcr Datenschutz:\u00a0Marion Meyer, Externe Datenschutzbeauftragte<\/p>\n<p><a href=\"mailto:info@qmedicus.de\">info[a]qmedicus.de<\/a><\/p>\n<p>&nbsp;<\/p>\n<p>Ihr Kontakt f\u00fcr Medizinproduktesicherheit:<\/p>\n<p><a href=\"mailto:Medizinproduktesicherheit.Seestern@mvz-kinderwunsch.com\">Medizinproduktesicherheit.Seestern@mvz-kinderwunsch.com<\/a><\/p>\n<p>Zust\u00e4ndige Kammer:\u00a0\u00c4rztekammer Nordrhein<\/p>\n<p>Tersteegenstra\u00dfe 9<br \/>\n40474 D\u00fcsseldorf<\/p>\n<p>Telefon:\u00a0<a href=\"tel:+49%20211%2043020\">+49 211 4302-0<\/a><br \/>\nTelefax:\u00a0<a href=\"tel:+49%20211%2043021200\">+49 211 4302-1200<\/a><\/p>\n<p>E-Mail:\u00a0<a href=\"mailto:aerztekammer@aekno.de\">aerztekammer[a]aekno.de<\/a><br \/>\nInternet:\u00a0<a href=\"https:\/\/www.aekno.de\/\">www.aekno.de<\/a><\/p>\n<p>&nbsp;<\/p>\n<p>Zust\u00e4ndige Aufsichtsbeh\u00f6rden:<\/p>\n<p>Die MVZ Kinderwunsch am Seestern GmbH ist vom zust\u00e4ndigen Zulassungsausschuss der Kassen\u00e4rztlichen Vereinigung Nordrhein genehmigt und zugelassen worden.<\/p>\n<p>&nbsp;<\/p>\n<p>Kassen\u00e4rztliche Vereinigung Nordrhein<\/p>\n<p>Tersteegenstra\u00dfe 9<br \/>\n40474 D\u00fcsseldorf<\/p>\n<p>Telefon:\u00a0<a href=\"tel:+49%20211%2059%20700\">+49 211 59 700<\/a><br \/>\nTelefax:\u00a0<a href=\"tel:+49%20211%2059%2070%2082%2087\">+49 211 59 70 82 87<\/a><\/p>\n<p>E-Mail:\u00a0<a href=\"mailto:kvno.hauptstelle@kvno.de\">kvno.hauptstelle[a]kvno.de<\/a><br \/>\nInternet:\u00a0<a href=\"https:\/\/www.kvno.de\/\">www.kvno.de<\/a><\/p>\n<p>Der Bereich Reproduktionsmedizin (Kinderwunschbehandlung) der MVZ Kinderwunsch am Seestern GmbH ist von der \u00c4rztekammer Nordrhein genehmigt und zugelassen worden.<\/p>\n<p>&nbsp;<\/p>\n<p>\u00c4rztekammer Nordrhein<\/p>\n<p>Tersteegenstr. 9<br \/>\n40474 D\u00fcsseldorf<\/p>\n<p>Telefon:\u00a0<a href=\"tel:+49%20211%2043020\">+49 211 4302-0<\/a><br \/>\nTelefax:\u00a0<a href=\"tel:+49%20211%2043021200\">+49 211 4302-1200<\/a><\/p>\n<p>E-Mail:\u00a0<a href=\"mailto:aerztekammer@aekno.de\">aerztekammer[a]aekno.de<\/a><br \/>\nInternet:\u00a0<a href=\"https:\/\/www.aekno.de\/\">www.aekno.de<\/a><\/p>\n<p>&nbsp;<\/p>\n<p>Die MVZ Kinderwunsch am Seestern GmbH ist Erlaubnisinhaber gem\u00e4\u00df \u00a720b\/c des Arzneimittelgesetzes sowie der Teilbereich Labordiagnostik am Seestern gem\u00e4\u00df \u00a720b des Arzneimittelgesetzes und durch die Bezirksregierung D\u00fcsseldorf zugelassen.<\/p>\n<p>&nbsp;<\/p>\n<p>Bezirksregierung D\u00fcsseldorf<\/p>\n<p>Cecilienallee 2<br \/>\n40474 D\u00fcsseldorf<\/p>\n<p>Telefon:\u00a0<a href=\"tel:+49%20211%204750\">+49 211 475-0<\/a><br \/>\nTelefax:\u00a0<a href=\"tel:+49%20211%204752671\">+49 211 475-2671<\/a><\/p>\n<p>Internet:\u00a0<a href=\"https:\/\/www.brd.nrw.de\/\">www.brd.nrw.de<\/a><\/p>\n<p>_____<\/p>\n<p>&nbsp;<\/p>\n<p><strong>MVZ Kinderwunsch Rhein-Main GmbH<\/strong><\/p>\n<p>\u00dcber\u00f6rtliche Berufsaus\u00fcbungsgemeinschaft (\u00dcBAG)<br \/>\nMVZ Kinderwunsch am Welfenhof<br \/>\nMVZ Kinderwunsch am Main<\/p>\n<p>&nbsp;<\/p>\n<p>Standort Wiesbaden<\/p>\n<p>MVZ Kinderwunsch am Welfenhof<br \/>\nMainzer Str. 98-102<br \/>\n65189 Wiesbaden<\/p>\n<p>Telefon:\u00a0<a href=\"tel:+49%20611%20976320\">+49 611 976320<\/a><br \/>\nTelefax:\u00a0<a href=\"tel:+49%20611%20976%203210\">+49 611 976 3210<\/a><\/p>\n<p>E-Mail:\u00a0<a href=\"mailto:wiesbaden@mvz-kinderwunsch.com\">wiesbaden[a]mvz-kinderwunsch.com<\/a><\/p>\n<p>&nbsp;<\/p>\n<p>Standort Frankfurt<\/p>\n<p>MVZ Kinderwunsch am Main<br \/>\nKaiserstra\u00dfe 3<br \/>\n60311 Frankfurt am Main<\/p>\n<p>Telefon:\u00a0<a href=\"tel:+49%2069%20874078050\">+49 69 874078050<\/a><br \/>\nTelefax:\u00a0<a href=\"tel:+49%2069%2096%2086%2096%2070\">+49 69 96 86 96 70<\/a><\/p>\n<p>E-Mail:\u00a0<a href=\"mailto:frankfurt@mvz-kinderwunsch.com\">frankfurt[a]mvz-kinderwunsch.com<\/a><\/p>\n<p>&nbsp;<\/p>\n<p>Zweigpraxis<\/p>\n<p>MVZ Kinderwunsch am Main<br \/>\nGyn\u00e4kologie am Main<br \/>\nVilbeler Landstr. 45 b<br \/>\n60388 Frankfurt am Main<\/p>\n<p>Telefon:\u00a0<a href=\"tel:+49%206109%20507%20100\">+49 6109 507 100<\/a><br \/>\nTelefax:\u00a0<a href=\"tel:+49%206109%20507%20112\">+49 6109 507 112<\/a><\/p>\n<p>E-Mail:\u00a0<a href=\"mailto:gynaekologie@mvz-kinderwunsch.com\">gynaekologie[a]mvz-kinderwunsch.com<\/a><\/p>\n<p>&nbsp;<\/p>\n<p>USt.-ID DE274410838<br \/>\nEingetragen im Handelsregister, Amtsgericht Wiesbaden, Handelsregister Abteilung B, HRB 25185<\/p>\n<p>&nbsp;<\/p>\n<p>Gesch\u00e4ftsf\u00fchrung: Kathleen Hahne-Schr\u00f6der<\/p>\n<p>&nbsp;<\/p>\n<p>\u00c4rztliche Mitarbeiter der MVZ Kinderwunsch Rhein-Main GmbH &#8211; \u00dcBAG MVZ\u00a0 Kinderwunsch am Welfenhof und MVZ Kinderwunsch am Main f\u00fchren die Berufsbezeichnung Arzt, verliehen durch Approbation in der Bundesrepublik Deutschland, und geh\u00f6ren der \u00c4rztekammer Hessen sowie der Kassen\u00e4rztlichen Vereinigung Hessen an.<\/p>\n<p>&nbsp;<\/p>\n<p>Die berufsrechtlichen Regelungen f\u00fcr Hessen finden Sie hier:<\/p>\n<p><a href=\"https:\/\/www.laekh.de\/\">https:\/\/www.laekh.de\/<\/a><\/p>\n<p>&nbsp;<\/p>\n<p>Unsere \u00c4rzte und das Team der MVZ Kinderwunsch Rhein-Main GmbH &#8211; \u00dcBAG MVZ Kinderwunsch am Welfenhof und MVZ Kinderwunsch am Main finden Sie <a href=\"https:\/\/mvz-kinderwunsch.com\/kinderwunschzentren\/frankfurt\/#team\">hier<\/a>.<\/p>\n<p>&nbsp;<\/p>\n<p>Ihr Kontakt f\u00fcr Datenschutz:\u00a0Marion Meyer, Externe Datenschutzbeauftragte<\/p>\n<p><a href=\"mailto:info@qmedicus.de\">info[a]qmedicus.de<\/a><\/p>\n<p>&nbsp;<\/p>\n<p>Ihr Kontakt f\u00fcr Medizinproduktesicherheit:<\/p>\n<p><a href=\"mailto:medizinproduktesicherheit_wiesbaden@tfp-fertility.com\">medizinproduktesicherheit_wiesbaden[a]mvz-kinderwunsch.com<\/a><\/p>\n<p>Zust\u00e4ndige Kammer:<\/p>\n<p>Landes\u00e4rztekammer Hessen<\/p>\n<p>Hanauer Landstra\u00dfe 152<br \/>\n60314 Frankfurt am Main<\/p>\n<p>Postfach 90 06 69<br \/>\n60446 Frankfurt am Main<\/p>\n<p>Telefon:\u00a0<a href=\"tel:+49%2069%20976%20720\">+49 69 976 72-0<\/a><br \/>\nTelefax:\u00a0<a href=\"tel:+49%2069%20976%2072128\">+49 69 976 72-128<\/a><\/p>\n<p>Internet:\u00a0<a href=\"https:\/\/www.laekh.de\/\">www.laekh.de<\/a><\/p>\n<p>Zust\u00e4ndige Aufsichtsbeh\u00f6rden:<\/p>\n<p>&nbsp;<\/p>\n<p>Die MVZ Kinderwunsch Rhein-Main GmbH &#8211; \u00dcBAG MVZ Kinderwunsch am Welfenhof und MVZ Kinderwunsch am Main ist vom zust\u00e4ndigen Zulassungsausschuss der Kassen\u00e4rztlichen Vereinigung Hessen genehmigt und zugelassen worden.<\/p>\n<p>&nbsp;<\/p>\n<p>Kassen\u00e4rztliche Vereinigung Hessen<\/p>\n<p>Europa-Allee 90<br \/>\n60486 Frankfurt<\/p>\n<p>Telefon:\u00a0<a href=\"tel:+49%2069%2024741%207777\">+49 69 24741-7777<\/a><br \/>\nTelefax:\u00a0<a href=\"tel:+49%2069%2024741%2068826\">+49 69 24741-68826<\/a><\/p>\n<p>Internet:\u00a0<a href=\"https:\/\/www.kvhessen.de\/\">www.kvhessen.de<\/a><\/p>\n<p>&nbsp;<\/p>\n<p>Der Bereich Reproduktionsmedizin (Kinderwunschbehandlung) der MVZ Kinderwunsch Rhein-Main GmbH &#8211; \u00dcBAG MVZ Kinderwunsch am Welfenhof und MVZ Kinderwunsch am Main ist von der \u00c4rztekammer Hessen genehmigt und zugelassen worden:<\/p>\n<p>Landes\u00e4rztekammer Hessen<\/p>\n<p>Hanauer Landstra\u00dfe 152<br \/>\n60314 Frankfurt am Main<\/p>\n<p>Postfach 90 06 69<br \/>\n60446 Frankfurt am Main<\/p>\n<p>Telefon:\u00a0<a href=\"tel:+49%2069%20976%20720\">+49 69 976 72-0<\/a><br \/>\nTelefax:\u00a0<a href=\"tel:+49%2069%20976%2072128\">+49 69 976 72-128<\/a><\/p>\n<p>Internet:\u00a0<a href=\"https:\/\/www.laekh.de\/\">www.laekh.de<\/a><\/p>\n<p>&nbsp;<\/p>\n<p>Die MVZ Kinderwunsch Rhein-Main GmbH &#8211; \u00dcBAG MVZ\u00a0 Kinderwunsch am Welfenhof und MVZ Kinderwunsch am Main ist Erlaubnisinhaber gem\u00e4\u00df \u00a720b\/c des Arzneimittelgesetzes und durch das Regierungspr\u00e4sidium Darmstadt zugelassen.<\/p>\n<p>&nbsp;<\/p>\n<p>Regierungspr\u00e4sidium Darmstadt<\/p>\n<p>Luisenplatz 2<br \/>\n64283 Darmstadt<\/p>\n<p>Telefon:\u00a0<a href=\"tel:+49%206151%20120\">+49 6151 12-0<\/a><br \/>\nTelefax:\u00a0<a href=\"tel:+49%206151%2012%206347\">+49 6151 12-6347<\/a><\/p>\n<p>Internet:\u00a0<a href=\"https:\/\/www.rp-darmstadt.hessen.de\/\">www.rp-darmstadt.hessen.de<\/a>[\/vc_column_text][\/vc_column][\/vc_row]\n","protected":false},"excerpt":{"rendered":"<p>[vc_row type=&#8221;in_container&#8221; full_screen_row_position=&#8221;middle&#8221; column_margin=&#8221;default&#8221; column_direction=&#8221;default&#8221; column_direction_tablet=&#8221;default&#8221; column_direction_phone=&#8221;default&#8221; scene_position=&#8221;center&#8221; text_color=&#8221;dark&#8221; text_align=&#8221;left&#8221; row_border_radius=&#8221;none&#8221; row_border_radius_applies=&#8221;bg&#8221; overflow=&#8221;visible&#8221; overlay_strength=&#8221;0.3&#8243; gradient_direction=&#8221;left_to_right&#8221; shape_divider_position=&#8221;bottom&#8221; bg_image_animation=&#8221;none&#8221;][vc_column column_padding=&#8221;no-extra-padding&#8221; column_padding_tablet=&#8221;inherit&#8221; column_padding_phone=&#8221;inherit&#8221; column_padding_position=&#8221;all&#8221; column_element_direction_desktop=&#8221;default&#8221; column_element_spacing=&#8221;default&#8221; desktop_text_alignment=&#8221;default&#8221; tablet_text_alignment=&#8221;default&#8221; phone_text_alignment=&#8221;default&#8221; background_color_opacity=&#8221;1&#8243; background_hover_color_opacity=&#8221;1&#8243; column_backdrop_filter=&#8221;none&#8221; column_shadow=&#8221;none&#8221;&#8230;<\/p>\n","protected":false},"author":1,"featured_media":0,"parent":0,"menu_order":0,"comment_status":"closed","ping_status":"closed","template":"","meta":{"_acf_changed":false,"footnotes":""},"class_list":["post-2228","page","type-page","status-publish"],"acf":[],"yoast_head":"<!-- This site is optimized with the Yoast SEO plugin v24.4 - https:\/\/yoast.com\/wordpress\/plugins\/seo\/ -->\n<title>Imprint - MVZ Kinderwunsch<\/title>\n<meta name=\"robots\" content=\"index, follow, max-snippet:-1, max-image-preview:large, max-video-preview:-1\" \/>\n<link rel=\"canonical\" href=\"https:\/\/mvz-kinderwunsch.com\/en\/imprint\/\" \/>\n<meta property=\"og:locale\" content=\"en_US\" \/>\n<meta property=\"og:type\" content=\"article\" \/>\n<meta property=\"og:title\" content=\"Imprint - MVZ Kinderwunsch\" \/>\n<meta property=\"og:description\" content=\"[vc_row type=&#8221;in_container&#8221; full_screen_row_position=&#8221;middle&#8221; column_margin=&#8221;default&#8221; column_direction=&#8221;default&#8221; column_direction_tablet=&#8221;default&#8221; column_direction_phone=&#8221;default&#8221; scene_position=&#8221;center&#8221; text_color=&#8221;dark&#8221; text_align=&#8221;left&#8221; row_border_radius=&#8221;none&#8221; row_border_radius_applies=&#8221;bg&#8221; overflow=&#8221;visible&#8221; overlay_strength=&#8221;0.3&#8243; gradient_direction=&#8221;left_to_right&#8221; shape_divider_position=&#8221;bottom&#8221; bg_image_animation=&#8221;none&#8221;][vc_column column_padding=&#8221;no-extra-padding&#8221; column_padding_tablet=&#8221;inherit&#8221; column_padding_phone=&#8221;inherit&#8221; column_padding_position=&#8221;all&#8221; column_element_direction_desktop=&#8221;default&#8221; column_element_spacing=&#8221;default&#8221; desktop_text_alignment=&#8221;default&#8221; tablet_text_alignment=&#8221;default&#8221; phone_text_alignment=&#8221;default&#8221; background_color_opacity=&#8221;1&#8243; background_hover_color_opacity=&#8221;1&#8243; column_backdrop_filter=&#8221;none&#8221; column_shadow=&#8221;none&#8221;...\" \/>\n<meta property=\"og:url\" content=\"https:\/\/mvz-kinderwunsch.com\/en\/imprint\/\" \/>\n<meta property=\"og:site_name\" content=\"MVZ Kinderwunsch\" \/>\n<meta property=\"article:modified_time\" content=\"2025-02-20T10:35:30+00:00\" \/>\n<meta name=\"twitter:card\" content=\"summary_large_image\" \/>\n<meta name=\"twitter:label1\" content=\"Est. reading time\" \/>\n\t<meta name=\"twitter:data1\" content=\"6 minutes\" \/>\n<script type=\"application\/ld+json\" class=\"yoast-schema-graph\">{\"@context\":\"https:\/\/schema.org\",\"@graph\":[{\"@type\":\"WebPage\",\"@id\":\"https:\/\/mvz-kinderwunsch.com\/en\/imprint\/\",\"url\":\"https:\/\/mvz-kinderwunsch.com\/en\/imprint\/\",\"name\":\"Imprint - MVZ Kinderwunsch\",\"isPartOf\":{\"@id\":\"http:\/\/mvz.ballyhoo.local:643\/#website\"},\"datePublished\":\"2024-01-31T13:40:31+00:00\",\"dateModified\":\"2025-02-20T10:35:30+00:00\",\"breadcrumb\":{\"@id\":\"https:\/\/mvz-kinderwunsch.com\/en\/imprint\/#breadcrumb\"},\"inLanguage\":\"en-DE\",\"potentialAction\":[{\"@type\":\"ReadAction\",\"target\":[\"https:\/\/mvz-kinderwunsch.com\/en\/imprint\/\"]}]},{\"@type\":\"BreadcrumbList\",\"@id\":\"https:\/\/mvz-kinderwunsch.com\/en\/imprint\/#breadcrumb\",\"itemListElement\":[{\"@type\":\"ListItem\",\"position\":1,\"name\":\"Startseite\",\"item\":\"http:\/\/mvz.ballyhoo.local:643\/en\/\"},{\"@type\":\"ListItem\",\"position\":2,\"name\":\"Imprint\"}]},{\"@type\":\"WebSite\",\"@id\":\"http:\/\/mvz.ballyhoo.local:643\/#website\",\"url\":\"http:\/\/mvz.ballyhoo.local:643\/\",\"name\":\"MVZ Kinderwunsch\",\"description\":\"\",\"publisher\":{\"@id\":\"http:\/\/mvz.ballyhoo.local:643\/#organization\"},\"potentialAction\":[{\"@type\":\"SearchAction\",\"target\":{\"@type\":\"EntryPoint\",\"urlTemplate\":\"http:\/\/mvz.ballyhoo.local:643\/?s={search_term_string}\"},\"query-input\":{\"@type\":\"PropertyValueSpecification\",\"valueRequired\":true,\"valueName\":\"search_term_string\"}}],\"inLanguage\":\"en-DE\"},{\"@type\":\"Organization\",\"@id\":\"http:\/\/mvz.ballyhoo.local:643\/#organization\",\"name\":\"MVZ Kinderwunsch\",\"url\":\"http:\/\/mvz.ballyhoo.local:643\/\",\"logo\":{\"@type\":\"ImageObject\",\"inLanguage\":\"en-DE\",\"@id\":\"http:\/\/mvz.ballyhoo.local:643\/#\/schema\/logo\/image\/\",\"url\":\"https:\/\/mvz-kinderwunsch.com\/wp-content\/uploads\/2024\/01\/logo-mobile.svg\",\"contentUrl\":\"https:\/\/mvz-kinderwunsch.com\/wp-content\/uploads\/2024\/01\/logo-mobile.svg\",\"width\":1,\"height\":1,\"caption\":\"MVZ Kinderwunsch\"},\"image\":{\"@id\":\"http:\/\/mvz.ballyhoo.local:643\/#\/schema\/logo\/image\/\"}}]}<\/script>\n<!-- \/ Yoast SEO plugin. -->","yoast_head_json":{"title":"Imprint - MVZ Kinderwunsch","robots":{"index":"index","follow":"follow","max-snippet":"max-snippet:-1","max-image-preview":"max-image-preview:large","max-video-preview":"max-video-preview:-1"},"canonical":"https:\/\/mvz-kinderwunsch.com\/en\/imprint\/","og_locale":"en_US","og_type":"article","og_title":"Imprint - MVZ Kinderwunsch","og_description":"[vc_row type=&#8221;in_container&#8221; full_screen_row_position=&#8221;middle&#8221; column_margin=&#8221;default&#8221; column_direction=&#8221;default&#8221; column_direction_tablet=&#8221;default&#8221; column_direction_phone=&#8221;default&#8221; scene_position=&#8221;center&#8221; text_color=&#8221;dark&#8221; text_align=&#8221;left&#8221; row_border_radius=&#8221;none&#8221; row_border_radius_applies=&#8221;bg&#8221; overflow=&#8221;visible&#8221; overlay_strength=&#8221;0.3&#8243; gradient_direction=&#8221;left_to_right&#8221; shape_divider_position=&#8221;bottom&#8221; bg_image_animation=&#8221;none&#8221;][vc_column column_padding=&#8221;no-extra-padding&#8221; column_padding_tablet=&#8221;inherit&#8221; column_padding_phone=&#8221;inherit&#8221; column_padding_position=&#8221;all&#8221; column_element_direction_desktop=&#8221;default&#8221; column_element_spacing=&#8221;default&#8221; desktop_text_alignment=&#8221;default&#8221; tablet_text_alignment=&#8221;default&#8221; phone_text_alignment=&#8221;default&#8221; background_color_opacity=&#8221;1&#8243; background_hover_color_opacity=&#8221;1&#8243; column_backdrop_filter=&#8221;none&#8221; column_shadow=&#8221;none&#8221;...","og_url":"https:\/\/mvz-kinderwunsch.com\/en\/imprint\/","og_site_name":"MVZ Kinderwunsch","article_modified_time":"2025-02-20T10:35:30+00:00","twitter_card":"summary_large_image","twitter_misc":{"Est. reading time":"6 minutes"},"schema":{"@context":"https:\/\/schema.org","@graph":[{"@type":"WebPage","@id":"https:\/\/mvz-kinderwunsch.com\/en\/imprint\/","url":"https:\/\/mvz-kinderwunsch.com\/en\/imprint\/","name":"Imprint - MVZ Kinderwunsch","isPartOf":{"@id":"http:\/\/mvz.ballyhoo.local:643\/#website"},"datePublished":"2024-01-31T13:40:31+00:00","dateModified":"2025-02-20T10:35:30+00:00","breadcrumb":{"@id":"https:\/\/mvz-kinderwunsch.com\/en\/imprint\/#breadcrumb"},"inLanguage":"en-DE","potentialAction":[{"@type":"ReadAction","target":["https:\/\/mvz-kinderwunsch.com\/en\/imprint\/"]}]},{"@type":"BreadcrumbList","@id":"https:\/\/mvz-kinderwunsch.com\/en\/imprint\/#breadcrumb","itemListElement":[{"@type":"ListItem","position":1,"name":"Startseite","item":"http:\/\/mvz.ballyhoo.local:643\/en\/"},{"@type":"ListItem","position":2,"name":"Imprint"}]},{"@type":"WebSite","@id":"http:\/\/mvz.ballyhoo.local:643\/#website","url":"http:\/\/mvz.ballyhoo.local:643\/","name":"MVZ Kinderwunsch","description":"","publisher":{"@id":"http:\/\/mvz.ballyhoo.local:643\/#organization"},"potentialAction":[{"@type":"SearchAction","target":{"@type":"EntryPoint","urlTemplate":"http:\/\/mvz.ballyhoo.local:643\/?s={search_term_string}"},"query-input":{"@type":"PropertyValueSpecification","valueRequired":true,"valueName":"search_term_string"}}],"inLanguage":"en-DE"},{"@type":"Organization","@id":"http:\/\/mvz.ballyhoo.local:643\/#organization","name":"MVZ Kinderwunsch","url":"http:\/\/mvz.ballyhoo.local:643\/","logo":{"@type":"ImageObject","inLanguage":"en-DE","@id":"http:\/\/mvz.ballyhoo.local:643\/#\/schema\/logo\/image\/","url":"https:\/\/mvz-kinderwunsch.com\/wp-content\/uploads\/2024\/01\/logo-mobile.svg","contentUrl":"https:\/\/mvz-kinderwunsch.com\/wp-content\/uploads\/2024\/01\/logo-mobile.svg","width":1,"height":1,"caption":"MVZ Kinderwunsch"},"image":{"@id":"http:\/\/mvz.ballyhoo.local:643\/#\/schema\/logo\/image\/"}}]}},"_links":{"self":[{"href":"https:\/\/mvz-kinderwunsch.com\/en\/wp-json\/wp\/v2\/pages\/2228","targetHints":{"allow":["GET"]}}],"collection":[{"href":"https:\/\/mvz-kinderwunsch.com\/en\/wp-json\/wp\/v2\/pages"}],"about":[{"href":"https:\/\/mvz-kinderwunsch.com\/en\/wp-json\/wp\/v2\/types\/page"}],"author":[{"embeddable":true,"href":"https:\/\/mvz-kinderwunsch.com\/en\/wp-json\/wp\/v2\/users\/1"}],"replies":[{"embeddable":true,"href":"https:\/\/mvz-kinderwunsch.com\/en\/wp-json\/wp\/v2\/comments?post=2228"}],"version-history":[{"count":4,"href":"https:\/\/mvz-kinderwunsch.com\/en\/wp-json\/wp\/v2\/pages\/2228\/revisions"}],"predecessor-version":[{"id":4167,"href":"https:\/\/mvz-kinderwunsch.com\/en\/wp-json\/wp\/v2\/pages\/2228\/revisions\/4167"}],"wp:attachment":[{"href":"https:\/\/mvz-kinderwunsch.com\/en\/wp-json\/wp\/v2\/media?parent=2228"}],"curies":[{"name":"wp","href":"https:\/\/api.w.org\/{rel}","templated":true}]}}