{"id":3516,"date":"2024-01-22T09:41:37","date_gmt":"2024-01-22T08:41:37","guid":{"rendered":"https:\/\/mvz-kinderwunsch.com\/?page_id=3516"},"modified":"2024-06-12T10:40:05","modified_gmt":"2024-06-12T08:40:05","slug":"404-2","status":"publish","type":"page","link":"https:\/\/mvz-kinderwunsch.com\/nl\/404-2\/","title":{"rendered":"404"},"content":{"rendered":"[vc_row type=&#8221;in_container&#8221; full_screen_row_position=&#8221;middle&#8221; column_margin=&#8221;default&#8221; column_direction=&#8221;default&#8221; column_direction_tablet=&#8221;default&#8221; column_direction_phone=&#8221;default&#8221; scene_position=&#8221;center&#8221; text_color=&#8221;dark&#8221; text_align=&#8221;left&#8221; row_border_radius=&#8221;none&#8221; row_border_radius_applies=&#8221;bg&#8221; overflow=&#8221;visible&#8221; overlay_strength=&#8221;0.3&#8243; gradient_direction=&#8221;left_to_right&#8221; shape_divider_position=&#8221;bottom&#8221; bg_image_animation=&#8221;none&#8221;][vc_column column_padding=&#8221;no-extra-padding&#8221; column_padding_tablet=&#8221;inherit&#8221; column_padding_phone=&#8221;inherit&#8221; column_padding_position=&#8221;all&#8221; column_element_direction_desktop=&#8221;default&#8221; column_element_spacing=&#8221;default&#8221; desktop_text_alignment=&#8221;default&#8221; tablet_text_alignment=&#8221;default&#8221; phone_text_alignment=&#8221;default&#8221; background_color_opacity=&#8221;1&#8243; background_hover_color_opacity=&#8221;1&#8243; column_backdrop_filter=&#8221;none&#8221; column_shadow=&#8221;none&#8221; column_border_radius=&#8221;none&#8221; column_link_target=&#8221;_self&#8221; column_position=&#8221;default&#8221; gradient_direction=&#8221;left_to_right&#8221; overlay_strength=&#8221;0.3&#8243; width=&#8221;1\/1&#8243; tablet_width_inherit=&#8221;default&#8221; animation_type=&#8221;default&#8221; bg_image_animation=&#8221;none&#8221; border_type=&#8221;simple&#8221; column_border_width=&#8221;none&#8221; column_border_style=&#8221;solid&#8221;]<div class=\"breadcrumb\"><p><a href=\"https:\/\/mvz-kinderwunsch.com\/nl\/\">Home<\/a> \/ <a href=\"https:\/\/mvz-kinderwunsch.com\/nl\/404-2\/\">404<\/a><\/p><\/div>[\/vc_column][\/vc_row][vc_row type=&#8221;in_container&#8221; full_screen_row_position=&#8221;middle&#8221; column_margin=&#8221;default&#8221; column_direction=&#8221;default&#8221; column_direction_tablet=&#8221;default&#8221; column_direction_phone=&#8221;default&#8221; scene_position=&#8221;center&#8221; text_color=&#8221;dark&#8221; text_align=&#8221;left&#8221; row_border_radius=&#8221;none&#8221; row_border_radius_applies=&#8221;bg&#8221; overflow=&#8221;visible&#8221; overlay_strength=&#8221;0.3&#8243; gradient_direction=&#8221;left_to_right&#8221; shape_divider_position=&#8221;bottom&#8221; bg_image_animation=&#8221;none&#8221;][vc_column column_padding=&#8221;no-extra-padding&#8221; column_padding_tablet=&#8221;inherit&#8221; column_padding_phone=&#8221;inherit&#8221; column_padding_position=&#8221;all&#8221; column_element_direction_desktop=&#8221;default&#8221; column_element_spacing=&#8221;default&#8221; desktop_text_alignment=&#8221;default&#8221; tablet_text_alignment=&#8221;default&#8221; phone_text_alignment=&#8221;default&#8221; background_color_opacity=&#8221;1&#8243; background_hover_color_opacity=&#8221;1&#8243; column_backdrop_filter=&#8221;none&#8221; column_shadow=&#8221;none&#8221; column_border_radius=&#8221;none&#8221; column_link_target=&#8221;_self&#8221; column_position=&#8221;default&#8221; gradient_direction=&#8221;left_to_right&#8221; overlay_strength=&#8221;0.3&#8243; width=&#8221;1\/1&#8243; tablet_width_inherit=&#8221;default&#8221; animation_type=&#8221;default&#8221; bg_image_animation=&#8221;none&#8221; border_type=&#8221;simple&#8221; column_border_width=&#8221;none&#8221; column_border_style=&#8221;solid&#8221;]\r\n        <section id=\"TextContent\" class=\"color__schwarz \">\r\n            <div class=\"hintergrund background-color__peach \"><\/div>\r\n            <div class=\"inner-header\" id=\"\">\r\n                <div class=\"text-content\">\r\n                                            <div class=\"custom-headline center\">\r\n                            <h1>404 - Fehlerseite<\/h1>\r\n                        <\/div>\r\n                    \r\n                    <div class=\"text\">\r\n                        <p>Leider konnte die von Ihnen aufgerufene Seite nicht gefunden werden. Versuchen Sie doch einen dieser Links. Bei Fragen rund um das Thema Kinderwunsch stehen wir Ihnen in unseren Kinderwunsch Zentren in Deutschland sehr gerne zur Verf\u00fcgung.<\/p>\n                    <\/div>\r\n\r\n                    <div class=\"verlinkung\">\r\n                                                    <a href=\"https:\/\/mvz-kinderwunsch.com\/kinderwunschzentren\/\" title=\"Kinderwunschzentren\" class=\"custom--button\" target=\"\">\r\n                                <span>Kinderwunschzentren<\/span>\r\n                            <\/a>\r\n                                                                            <a  href=\"https:\/\/mvz-kinderwunsch.com\/kontakt\/\" title=\"Nehmen Sie Kontakt auf\" class=\"custom--button\" target=\"\">\r\n                                <span>Nehmen Sie Kontakt auf<\/span>\r\n                            <\/a>\r\n                                            <\/div>\r\n                <\/div>\r\n            <\/div>\r\n\r\n        <\/section>\r\n\r\n        [\/vc_column][\/vc_row][vc_row type=&#8221;full_width_content&#8221; full_screen_row_position=&#8221;middle&#8221; column_margin=&#8221;default&#8221; column_direction=&#8221;default&#8221; column_direction_tablet=&#8221;default&#8221; column_direction_phone=&#8221;default&#8221; scene_position=&#8221;center&#8221; text_color=&#8221;dark&#8221; text_align=&#8221;left&#8221; row_border_radius=&#8221;none&#8221; row_border_radius_applies=&#8221;bg&#8221; overflow=&#8221;visible&#8221; overlay_strength=&#8221;0.3&#8243; gradient_direction=&#8221;left_to_right&#8221; shape_divider_position=&#8221;bottom&#8221; bg_image_animation=&#8221;none&#8221; gradient_type=&#8221;default&#8221; shape_type=&#8221;&#8221;][vc_column column_padding=&#8221;no-extra-padding&#8221; column_padding_tablet=&#8221;inherit&#8221; column_padding_phone=&#8221;inherit&#8221; column_padding_position=&#8221;all&#8221; column_element_direction_desktop=&#8221;default&#8221; column_element_spacing=&#8221;default&#8221; desktop_text_alignment=&#8221;default&#8221; tablet_text_alignment=&#8221;default&#8221; phone_text_alignment=&#8221;default&#8221; background_color_opacity=&#8221;1&#8243; background_hover_color_opacity=&#8221;1&#8243; column_backdrop_filter=&#8221;none&#8221; column_shadow=&#8221;none&#8221; column_border_radius=&#8221;none&#8221; column_link_target=&#8221;_self&#8221; column_position=&#8221;default&#8221; gradient_direction=&#8221;left_to_right&#8221; overlay_strength=&#8221;0.3&#8243; width=&#8221;1\/1&#8243; tablet_width_inherit=&#8221;default&#8221; animation_type=&#8221;default&#8221; bg_image_animation=&#8221;none&#8221; border_type=&#8221;simple&#8221; column_border_width=&#8221;none&#8221; column_border_style=&#8221;solid&#8221;]\r\n        <section id=\"leistungen\" class=\"color__schwarz \">\r\n            <div class=\"hintergrund background-color__peach  transparent \"><\/div>\r\n            <div class=\"inner-header\" id=\"\">\r\n\r\n                <div class=\"text-content\">\r\n                                            <div class=\"custom-headline center\">\r\n                            <h2>Unsere Kinderwunsch Zentren<\/h2>\r\n                        <\/div>\r\n                    \r\n\r\n                    <div class=\"leistungen-kacheln\">\r\n                        <div class=\"swiper horizontale-kacheln leistungen\">\r\n                            <div class=\"swiper-wrapper\">\r\n                                                                    <div class=\"swiper-slide\">\r\n                                        <a href=\"https:\/\/mvz-kinderwunsch.com\/kinderwunschzentren\/duesseldorf\/\" title=\"D\u00fcsseldorf\" target=\"\">\r\n                                            <div class=\"kachel hintergrund__light\">\r\n                                                <p>D\u00fcsseldorf<\/p>\r\n                                            <\/div>\r\n                                        <\/a>\r\n                                    <\/div>\r\n                                \r\n                                                                                                            <div class=\"swiper-slide\">\r\n                                            <a href=\"https:\/\/mvz-kinderwunsch.com\/kinderwunschzentren\/wiesbaden\/\" title=\"Wiesbaden\" target=\"\">\r\n                                                <div class=\"kachel\">\r\n                                                    <img loading=\"lazy\" decoding=\"async\" src=\"https:\/\/mvz-kinderwunsch.com\/wp-content\/uploads\/2024\/01\/20220826_TFP_4-4_0137.png\" alt=\"Babyhand\"\r\n                                                         title=\"\"\r\n                                                         height=\"211\" width=\"211\"\/>\r\n                                                    <p>Wiesbaden<\/p>\r\n                                                <\/div>\r\n                                            <\/a>\r\n                                        <\/div>\r\n                                                                    \r\n                                                                                                            <div class=\"swiper-slide\">\r\n                                            <a href=\"https:\/\/mvz-kinderwunsch.com\/kinderwunschzentren\/berlin\/\" title=\"Berlin\" target=\"\">\r\n                                                <div class=\"kachel hintergrund__purple\">\r\n                                                    <p>D\u00fcsseldorf<\/p>\r\n                                                <\/div>\r\n                                            <\/a>\r\n                                        <\/div>\r\n                                                                    \r\n                                                                                                            <div class=\"swiper-slide\">\r\n                                            <a href=\"https:\/\/mvz-kinderwunsch.com\/kinderwunschzentren\/frankfurt\/\" title=\"Frankfurt\" target=\"\">\r\n                                                <div class=\"kachel\">\r\n                                                    <img loading=\"lazy\" decoding=\"async\" src=\"https:\/\/mvz-kinderwunsch.com\/wp-content\/uploads\/2024\/01\/20220826_TFP_4-1_9788.png\" alt=\"Hand h\u00e4lt zwei Babyf\u00fc\u00dfe\"\r\n                                                         title=\"\"\r\n                                                         height=\"211\" width=\"211\"\/>\r\n                                                    <p>Frankfurt<\/p>\r\n                                                <\/div>\r\n                                            <\/a>\r\n                                        <\/div>\r\n                                                                    \r\n                                                            <\/div>\r\n                        <\/div>\r\n                    <\/div>\r\n\r\n                <\/div>\r\n            <\/div>\r\n        <\/section>\r\n\r\n\r\n        [\/vc_column][\/vc_row]\n","protected":false},"excerpt":{"rendered":"<p>[vc_row type=&#8221;in_container&#8221; full_screen_row_position=&#8221;middle&#8221; column_margin=&#8221;default&#8221; column_direction=&#8221;default&#8221; column_direction_tablet=&#8221;default&#8221; column_direction_phone=&#8221;default&#8221; scene_position=&#8221;center&#8221; text_color=&#8221;dark&#8221; text_align=&#8221;left&#8221; row_border_radius=&#8221;none&#8221; row_border_radius_applies=&#8221;bg&#8221; overflow=&#8221;visible&#8221; overlay_strength=&#8221;0.3&#8243; gradient_direction=&#8221;left_to_right&#8221; shape_divider_position=&#8221;bottom&#8221; bg_image_animation=&#8221;none&#8221;][vc_column column_padding=&#8221;no-extra-padding&#8221; column_padding_tablet=&#8221;inherit&#8221; column_padding_phone=&#8221;inherit&#8221; column_padding_position=&#8221;all&#8221; column_element_direction_desktop=&#8221;default&#8221; column_element_spacing=&#8221;default&#8221; desktop_text_alignment=&#8221;default&#8221; tablet_text_alignment=&#8221;default&#8221; phone_text_alignment=&#8221;default&#8221; background_color_opacity=&#8221;1&#8243; background_hover_color_opacity=&#8221;1&#8243; column_backdrop_filter=&#8221;none&#8221; column_shadow=&#8221;none&#8221;&#8230;<\/p>\n","protected":false},"author":1,"featured_media":0,"parent":0,"menu_order":0,"comment_status":"closed","ping_status":"closed","template":"","meta":{"_acf_changed":false,"footnotes":""},"class_list":["post-3516","page","type-page","status-publish"],"acf":[],"yoast_head":"<!-- This site is optimized with the Yoast SEO plugin v24.4 - https:\/\/yoast.com\/wordpress\/plugins\/seo\/ -->\n<title>404 - MVZ Kinderwunsch<\/title>\n<meta name=\"robots\" content=\"index, follow, max-snippet:-1, max-image-preview:large, max-video-preview:-1\" \/>\n<link rel=\"canonical\" href=\"http:\/\/mvz.ballyhoo.local:643\/nl\/404-2\/\" \/>\n<meta property=\"og:locale\" content=\"nl_NL\" \/>\n<meta property=\"og:type\" content=\"article\" \/>\n<meta property=\"og:title\" content=\"404 - MVZ Kinderwunsch\" \/>\n<meta property=\"og:description\" content=\"[vc_row type=&#8221;in_container&#8221; full_screen_row_position=&#8221;middle&#8221; column_margin=&#8221;default&#8221; column_direction=&#8221;default&#8221; column_direction_tablet=&#8221;default&#8221; column_direction_phone=&#8221;default&#8221; scene_position=&#8221;center&#8221; text_color=&#8221;dark&#8221; text_align=&#8221;left&#8221; row_border_radius=&#8221;none&#8221; row_border_radius_applies=&#8221;bg&#8221; overflow=&#8221;visible&#8221; overlay_strength=&#8221;0.3&#8243; gradient_direction=&#8221;left_to_right&#8221; shape_divider_position=&#8221;bottom&#8221; bg_image_animation=&#8221;none&#8221;][vc_column column_padding=&#8221;no-extra-padding&#8221; column_padding_tablet=&#8221;inherit&#8221; column_padding_phone=&#8221;inherit&#8221; column_padding_position=&#8221;all&#8221; column_element_direction_desktop=&#8221;default&#8221; column_element_spacing=&#8221;default&#8221; desktop_text_alignment=&#8221;default&#8221; tablet_text_alignment=&#8221;default&#8221; phone_text_alignment=&#8221;default&#8221; background_color_opacity=&#8221;1&#8243; background_hover_color_opacity=&#8221;1&#8243; column_backdrop_filter=&#8221;none&#8221; column_shadow=&#8221;none&#8221;...\" \/>\n<meta property=\"og:url\" content=\"http:\/\/mvz.ballyhoo.local:643\/nl\/404-2\/\" \/>\n<meta property=\"og:site_name\" content=\"MVZ Kinderwunsch\" \/>\n<meta property=\"article:modified_time\" content=\"2024-06-12T08:40:05+00:00\" \/>\n<meta name=\"twitter:card\" content=\"summary_large_image\" \/>\n<meta name=\"twitter:label1\" content=\"Est. reading time\" \/>\n\t<meta name=\"twitter:data1\" content=\"2 minutes\" \/>\n<script type=\"application\/ld+json\" class=\"yoast-schema-graph\">{\"@context\":\"https:\/\/schema.org\",\"@graph\":[{\"@type\":\"WebPage\",\"@id\":\"http:\/\/mvz.ballyhoo.local:643\/nl\/404-2\/\",\"url\":\"http:\/\/mvz.ballyhoo.local:643\/nl\/404-2\/\",\"name\":\"404 - MVZ Kinderwunsch\",\"isPartOf\":{\"@id\":\"http:\/\/mvz.ballyhoo.local:643\/#website\"},\"datePublished\":\"2024-01-22T08:41:37+00:00\",\"dateModified\":\"2024-06-12T08:40:05+00:00\",\"breadcrumb\":{\"@id\":\"http:\/\/mvz.ballyhoo.local:643\/nl\/404-2\/#breadcrumb\"},\"inLanguage\":\"nl-DE\",\"potentialAction\":[{\"@type\":\"ReadAction\",\"target\":[\"http:\/\/mvz.ballyhoo.local:643\/nl\/404-2\/\"]}]},{\"@type\":\"BreadcrumbList\",\"@id\":\"http:\/\/mvz.ballyhoo.local:643\/nl\/404-2\/#breadcrumb\",\"itemListElement\":[{\"@type\":\"ListItem\",\"position\":1,\"name\":\"Startseite\",\"item\":\"https:\/\/mvz-kinderwunsch.com\/nl\/\"},{\"@type\":\"ListItem\",\"position\":2,\"name\":\"404\"}]},{\"@type\":\"WebSite\",\"@id\":\"http:\/\/mvz.ballyhoo.local:643\/#website\",\"url\":\"http:\/\/mvz.ballyhoo.local:643\/\",\"name\":\"MVZ Kinderwunsch\",\"description\":\"\",\"publisher\":{\"@id\":\"http:\/\/mvz.ballyhoo.local:643\/#organization\"},\"potentialAction\":[{\"@type\":\"SearchAction\",\"target\":{\"@type\":\"EntryPoint\",\"urlTemplate\":\"http:\/\/mvz.ballyhoo.local:643\/?s={search_term_string}\"},\"query-input\":{\"@type\":\"PropertyValueSpecification\",\"valueRequired\":true,\"valueName\":\"search_term_string\"}}],\"inLanguage\":\"nl-DE\"},{\"@type\":\"Organization\",\"@id\":\"http:\/\/mvz.ballyhoo.local:643\/#organization\",\"name\":\"MVZ Kinderwunsch\",\"url\":\"http:\/\/mvz.ballyhoo.local:643\/\",\"logo\":{\"@type\":\"ImageObject\",\"inLanguage\":\"nl-DE\",\"@id\":\"http:\/\/mvz.ballyhoo.local:643\/#\/schema\/logo\/image\/\",\"url\":\"https:\/\/mvz-kinderwunsch.com\/wp-content\/uploads\/2024\/01\/logo-mobile.svg\",\"contentUrl\":\"https:\/\/mvz-kinderwunsch.com\/wp-content\/uploads\/2024\/01\/logo-mobile.svg\",\"width\":1,\"height\":1,\"caption\":\"MVZ Kinderwunsch\"},\"image\":{\"@id\":\"http:\/\/mvz.ballyhoo.local:643\/#\/schema\/logo\/image\/\"}}]}<\/script>\n<!-- \/ Yoast SEO plugin. -->","yoast_head_json":{"title":"404 - MVZ Kinderwunsch","robots":{"index":"index","follow":"follow","max-snippet":"max-snippet:-1","max-image-preview":"max-image-preview:large","max-video-preview":"max-video-preview:-1"},"canonical":"http:\/\/mvz.ballyhoo.local:643\/nl\/404-2\/","og_locale":"nl_NL","og_type":"article","og_title":"404 - MVZ Kinderwunsch","og_description":"[vc_row type=&#8221;in_container&#8221; full_screen_row_position=&#8221;middle&#8221; column_margin=&#8221;default&#8221; column_direction=&#8221;default&#8221; column_direction_tablet=&#8221;default&#8221; column_direction_phone=&#8221;default&#8221; scene_position=&#8221;center&#8221; text_color=&#8221;dark&#8221; text_align=&#8221;left&#8221; row_border_radius=&#8221;none&#8221; row_border_radius_applies=&#8221;bg&#8221; overflow=&#8221;visible&#8221; overlay_strength=&#8221;0.3&#8243; gradient_direction=&#8221;left_to_right&#8221; shape_divider_position=&#8221;bottom&#8221; bg_image_animation=&#8221;none&#8221;][vc_column column_padding=&#8221;no-extra-padding&#8221; column_padding_tablet=&#8221;inherit&#8221; column_padding_phone=&#8221;inherit&#8221; column_padding_position=&#8221;all&#8221; column_element_direction_desktop=&#8221;default&#8221; column_element_spacing=&#8221;default&#8221; desktop_text_alignment=&#8221;default&#8221; tablet_text_alignment=&#8221;default&#8221; phone_text_alignment=&#8221;default&#8221; background_color_opacity=&#8221;1&#8243; background_hover_color_opacity=&#8221;1&#8243; column_backdrop_filter=&#8221;none&#8221; column_shadow=&#8221;none&#8221;...","og_url":"http:\/\/mvz.ballyhoo.local:643\/nl\/404-2\/","og_site_name":"MVZ Kinderwunsch","article_modified_time":"2024-06-12T08:40:05+00:00","twitter_card":"summary_large_image","twitter_misc":{"Est. reading time":"2 minutes"},"schema":{"@context":"https:\/\/schema.org","@graph":[{"@type":"WebPage","@id":"http:\/\/mvz.ballyhoo.local:643\/nl\/404-2\/","url":"http:\/\/mvz.ballyhoo.local:643\/nl\/404-2\/","name":"404 - MVZ Kinderwunsch","isPartOf":{"@id":"http:\/\/mvz.ballyhoo.local:643\/#website"},"datePublished":"2024-01-22T08:41:37+00:00","dateModified":"2024-06-12T08:40:05+00:00","breadcrumb":{"@id":"http:\/\/mvz.ballyhoo.local:643\/nl\/404-2\/#breadcrumb"},"inLanguage":"nl-DE","potentialAction":[{"@type":"ReadAction","target":["http:\/\/mvz.ballyhoo.local:643\/nl\/404-2\/"]}]},{"@type":"BreadcrumbList","@id":"http:\/\/mvz.ballyhoo.local:643\/nl\/404-2\/#breadcrumb","itemListElement":[{"@type":"ListItem","position":1,"name":"Startseite","item":"https:\/\/mvz-kinderwunsch.com\/nl\/"},{"@type":"ListItem","position":2,"name":"404"}]},{"@type":"WebSite","@id":"http:\/\/mvz.ballyhoo.local:643\/#website","url":"http:\/\/mvz.ballyhoo.local:643\/","name":"MVZ Kinderwunsch","description":"","publisher":{"@id":"http:\/\/mvz.ballyhoo.local:643\/#organization"},"potentialAction":[{"@type":"SearchAction","target":{"@type":"EntryPoint","urlTemplate":"http:\/\/mvz.ballyhoo.local:643\/?s={search_term_string}"},"query-input":{"@type":"PropertyValueSpecification","valueRequired":true,"valueName":"search_term_string"}}],"inLanguage":"nl-DE"},{"@type":"Organization","@id":"http:\/\/mvz.ballyhoo.local:643\/#organization","name":"MVZ Kinderwunsch","url":"http:\/\/mvz.ballyhoo.local:643\/","logo":{"@type":"ImageObject","inLanguage":"nl-DE","@id":"http:\/\/mvz.ballyhoo.local:643\/#\/schema\/logo\/image\/","url":"https:\/\/mvz-kinderwunsch.com\/wp-content\/uploads\/2024\/01\/logo-mobile.svg","contentUrl":"https:\/\/mvz-kinderwunsch.com\/wp-content\/uploads\/2024\/01\/logo-mobile.svg","width":1,"height":1,"caption":"MVZ Kinderwunsch"},"image":{"@id":"http:\/\/mvz.ballyhoo.local:643\/#\/schema\/logo\/image\/"}}]}},"_links":{"self":[{"href":"https:\/\/mvz-kinderwunsch.com\/nl\/wp-json\/wp\/v2\/pages\/3516","targetHints":{"allow":["GET"]}}],"collection":[{"href":"https:\/\/mvz-kinderwunsch.com\/nl\/wp-json\/wp\/v2\/pages"}],"about":[{"href":"https:\/\/mvz-kinderwunsch.com\/nl\/wp-json\/wp\/v2\/types\/page"}],"author":[{"embeddable":true,"href":"https:\/\/mvz-kinderwunsch.com\/nl\/wp-json\/wp\/v2\/users\/1"}],"replies":[{"embeddable":true,"href":"https:\/\/mvz-kinderwunsch.com\/nl\/wp-json\/wp\/v2\/comments?post=3516"}],"version-history":[{"count":1,"href":"https:\/\/mvz-kinderwunsch.com\/nl\/wp-json\/wp\/v2\/pages\/3516\/revisions"}],"predecessor-version":[{"id":3517,"href":"https:\/\/mvz-kinderwunsch.com\/nl\/wp-json\/wp\/v2\/pages\/3516\/revisions\/3517"}],"wp:attachment":[{"href":"https:\/\/mvz-kinderwunsch.com\/nl\/wp-json\/wp\/v2\/media?parent=3516"}],"curies":[{"name":"wp","href":"https:\/\/api.w.org\/{rel}","templated":true}]}}